{"id":3834,"date":"2017-06-07T16:04:09","date_gmt":"2017-06-07T16:04:09","guid":{"rendered":"https:\/\/adoras.es\/contacto\/"},"modified":"2024-08-09T10:20:51","modified_gmt":"2024-08-09T08:20:51","slug":"contacto","status":"publish","type":"page","link":"https:\/\/adoras.es\/en\/contacto\/","title":{"rendered":"Contact"},"content":{"rendered":"<section class=\"section swatch-white  section-text-no-shadow section-inner-no-shadow section-normal section-opaque\"  data-label=\"\">\n    \n    <div class=\"background-overlay grid-overlay-0 \" style=\"background-color: rgba(0,0,0,0);\"><\/div>\n\n    <div class=\"container\">\n        <div class=\"row vertical-top\">\n            <div class=\"col-md-12     text-default small-screen-default\"  ><header class=\"text-center  element-short-top element-tall-bottom not-condensed\" data-os-animation=\"none\" data-os-animation-delay=\"0s\" >\n    <h1 class=\"normal bold no-bordered-header bordered-normal\" >\n         CONTACT    <\/h1>\n            <p class=\"normal\" >AN ATELIER WHERE EMOTION, MIXTICITY AND THE FUTURE EMERGE<\/p>\n    <\/header>\n<\/div>        <\/div>\n    <\/div>\n<\/section><section class=\"section swatch-white  section-text-no-shadow section-inner-no-shadow section-normal section-opaque\"  data-label=\"\">\n    \n    <div class=\"background-overlay grid-overlay-0 \" style=\"background-color: rgba(0,0,0,0);\"><\/div>\n\n    <div class=\"container\">\n        <div class=\"row vertical-top\">\n            <div class=\"col-md-6     text-default small-screen-default\"  ><header class=\"text-left  element-no-top element-no-bottom not-condensed\" data-os-animation=\"none\" data-os-animation-delay=\"0s\" >\n    <h2 class=\"normal bold no-bordered-header bordered-normal\" >\n        ALICANTE    <\/h2>\n    <\/header>\n<div class=\" element-short-top element-short-bottom\" data-os-animation=\"none\" data-os-animation-delay=\"0s\">\n    <p><iframe loading=\"lazy\" style=\"border: 0;\" src=\"https:\/\/www.google.com\/maps\/embed?pb=!1m18!1m12!1m3!1d5575.4832909896895!2d-0.4821684650490776!3d38.34587340169187!2m3!1f0!2f0!3f0!3m2!1i1024!2i768!4f13.1!3m3!1m2!1s0xd6237b2db413d4d%3A0xf3add7cb9ec36bb4!2sADORAS%20atelier%20architecture!5e0!3m2!1ses!2ses!4v1648136106461!5m2!1ses!2ses\" width=\"100%\" height=\"450\" allowfullscreen=\"allowfullscreen\"><\/iframe><\/p>\n<\/div><div class=\"row \"><div class=\"col-md-6     text-default small-screen-default\"  ><div class=\" element-short-top element-short-bottom\" data-os-animation=\"none\" data-os-animation-delay=\"0s\">\n    <p>ADORAS atelier architecture<br \/>\nCalle Periodista P. Arderius, 4<br \/>\nAlicante, 03001<br \/>\nEspa\u00f1a<\/p>\n<p>&nbsp;<\/p>\n<\/div><\/div><div class=\"col-md-6     text-default small-screen-default\"  ><div class=\" element-short-top element-short-bottom\" data-os-animation=\"none\" data-os-animation-delay=\"0s\">\n    <p><a href=\"tel:+34965145310\">965 14 53 10<\/a><br \/>\n<a href=\"&#x6d;&#97;&#105;l&#x74;&#x6f;&#58;m&#x61;&#x69;&#108;&#64;a&#x64;&#111;&#114;a&#x73;&#x2e;&#101;s\">&#x6d;&#x61;&#105;l&#x40;&#x61;&#100;&#111;r&#x61;&#x73;&#46;&#101;s<\/a><\/p>\n<\/div><\/div><\/div><\/div><div class=\"col-md-6     text-default small-screen-default\"  ><header class=\"text-left  element-no-top element-no-bottom not-condensed\" data-os-animation=\"none\" data-os-animation-delay=\"0s\" >\n    <h2 class=\"normal bold no-bordered-header bordered-normal\" >\n        MADRID    <\/h2>\n    <\/header>\n<div class=\" element-short-top element-short-bottom\" data-os-animation=\"none\" data-os-animation-delay=\"0s\">\n    <p><iframe loading=\"lazy\" style=\"border: 0;\" src=\"https:\/\/www.google.com\/maps\/embed?pb=!1m18!1m12!1m3!1d3037.4246259669826!2d-3.6832100838749535!3d40.42159546326619!2m3!1f0!2f0!3f0!3m2!1i1024!2i768!4f13.1!3m3!1m2!1s0xd4228a59ef6327d%3A0xb19dbf82650acd48!2sCalle%20de%20O'Donnell%2C%203%2C%2028009%20Madrid!5e0!3m2!1ses!2ses!4v1648136178500!5m2!1ses!2ses\" width=\"100%\" height=\"450\" allowfullscreen=\"allowfullscreen\"><\/iframe><\/p>\n<\/div><div class=\"row \"><div class=\"col-md-6     text-default small-screen-default\"  ><div class=\" element-short-top element-short-bottom\" data-os-animation=\"none\" data-os-animation-delay=\"0s\">\n    <p>ADORAS atelier architecture<br \/>\nCalle O\u2019Donnell, 3<br \/>\nMadrid, 28009<br \/>\nEspa\u00f1a<\/p>\n<\/div><\/div><div class=\"col-md-6     text-default small-screen-default\"  ><div class=\" element-short-top element-short-bottom\" data-os-animation=\"none\" data-os-animation-delay=\"0s\">\n    <p><a href=\"tel:+34916678103\">916 67 81 03<\/a><br \/>\n<a href=\"&#x6d;&#97;i&#x6c;&#116;o&#x3a;&#x6d;&#97;&#x69;&#x6c;&#64;a&#x64;&#111;r&#x61;&#x73;&#46;&#x65;&#x73;\">&#109;a&#x69;l&#x40;a&#x64;o&#x72;a&#x73;&#46;&#x65;&#115;<\/a><\/p>\n<\/div><\/div><\/div><\/div>        <\/div>\n    <\/div>\n<\/section><section class=\"section swatch-white  section-text-no-shadow section-inner-no-shadow section-normal section-opaque\"  data-label=\"\">\n    \n    <div class=\"background-overlay grid-overlay-0 \" style=\"background-color: rgba(0,0,0,0);\"><\/div>\n\n    <div class=\"container\">\n        <div class=\"row vertical-top\">\n            <div class=\"col-md-12     text-default small-screen-default\"  ><header class=\"text-left  element-short-top element-short-bottom not-condensed\" data-os-animation=\"none\" data-os-animation-delay=\"0s\" >\n    <h2 class=\"normal bold no-bordered-header bordered-normal\" >\n        JOIN THE TEAM    <\/h2>\n    <\/header>\n<div class=\" element-short-top element-short-bottom\" data-os-animation=\"none\" data-os-animation-delay=\"0s\">\n    <p>At ADORAS Atelier Arquitectura we are always on the lookout for talent. If you are interested in working with us, please send your CV and portfolio to care&#101;&#114;&#64;&#97;&#100;&#111;&#114;&#x61;&#x73;&#x2e;&#x65;&#x73;.<\/p>\n<\/div><\/div>        <\/div>\n    <\/div>\n<\/section><section class=\"section swatch-white  section-text-no-shadow section-inner-no-shadow section-normal section-opaque\" id=\"contacto-frases\"  data-label=\"\">\n    \n    <div class=\"background-overlay grid-overlay-0 \" style=\"background-color: rgba(0,0,0,0);\"><\/div>\n\n    <div class=\"container\">\n        <div class=\"row vertical-top\">\n            <div class=\"col-md-12     text-center small-screen-default os-animation\" data-os-animation=\"fadeInDown\" data-os-animation-delay=\"0s\" ><div class=\"divider-wrapper\" style=\"visibility:hidden;background-color:\">\n    <div class=\"visible-xs\" style=\"height:40px;\"><\/div>\n    <div class=\"visible-sm\" style=\"height:40px;\"><\/div>\n    <div class=\"visible-md\" style=\"height:40px;\"><\/div>\n    <div class=\"visible-lg\" style=\"height:40px;\"><\/div>\n<\/div><header class=\"text-left  element-no-top element-no-bottom not-condensed\" data-os-animation=\"none\" data-os-animation-delay=\"0s\" >\n    <h2 class=\"normal bold no-bordered-header bordered-normal\" >\n        LET&#8217;S MAKE SOMETHING AWESOME TOGETHER!    <\/h2>\n    <\/header>\n<header class=\"text-left  element-no-top element-no-bottom not-condensed\" data-os-animation=\"none\" data-os-animation-delay=\"0s\" >\n    <h3 class=\"normal regular no-bordered-header bordered-normal\" >\n        BE PART OF OUR MIXTICITY, GET EXCITED. LET&#8217;S DESIGN TOGETHER    <\/h3>\n    <\/header>\n<div class=\"divider-wrapper\" style=\"visibility:hidden;background-color:\">\n    <div class=\"visible-xs\" style=\"height:40px;\"><\/div>\n    <div class=\"visible-sm\" style=\"height:40px;\"><\/div>\n    <div class=\"visible-md\" style=\"height:40px;\"><\/div>\n    <div class=\"visible-lg\" style=\"height:40px;\"><\/div>\n<\/div><\/div>        <\/div>\n    <\/div>\n<\/section><section class=\"section swatch-white mb-80 section-text-no-shadow section-inner-no-shadow section-normal section-opaque\" id=\"formulario-contacto\"  data-label=\"\">\n    \n    <div class=\"background-overlay grid-overlay-0 \" style=\"background-color: rgba(0,0,0,0);\"><\/div>\n\n    <div class=\"container\">\n        <div class=\"row vertical-top\">\n            <div class=\"col-md-12     text-default small-screen-default\"  >\n<div class=\"wpcf7 no-js\" id=\"wpcf7-f3854-o1\" lang=\"en-US\" dir=\"ltr\" data-wpcf7-id=\"3854\">\n<div class=\"screen-reader-response\"><p role=\"status\" aria-live=\"polite\" aria-atomic=\"true\"><\/p> <ul><\/ul><\/div>\n<form action=\"\/en\/wp-json\/wp\/v2\/pages\/3834#wpcf7-f3854-o1\" method=\"post\" class=\"wpcf7-form init\" aria-label=\"Contact form\" novalidate=\"novalidate\" data-status=\"init\">\n<div style=\"display: none;\">\n<input type=\"hidden\" name=\"_wpcf7\" value=\"3854\" \/>\n<input type=\"hidden\" name=\"_wpcf7_version\" value=\"6.0.3\" \/>\n<input type=\"hidden\" name=\"_wpcf7_locale\" value=\"en_US\" \/>\n<input type=\"hidden\" name=\"_wpcf7_unit_tag\" value=\"wpcf7-f3854-o1\" \/>\n<input type=\"hidden\" name=\"_wpcf7_container_post\" value=\"0\" \/>\n<input type=\"hidden\" name=\"_wpcf7_posted_data_hash\" value=\"\" \/>\n<input type=\"hidden\" name=\"_wpcf7_recaptcha_response\" value=\"\" \/>\n<\/div>\n<p><span class=\"wpcf7-form-control-wrap\" data-name=\"tu-nombre\"><input size=\"40\" maxlength=\"400\" class=\"wpcf7-form-control wpcf7-text wpcf7-validates-as-required input_formulario\" aria-required=\"true\" aria-invalid=\"false\" placeholder=\"Name*\" value=\"\" type=\"text\" name=\"tu-nombre\" \/><\/span><br \/>\n<span class=\"wpcf7-form-control-wrap\" data-name=\"tu-email\"><input size=\"40\" maxlength=\"400\" class=\"wpcf7-form-control wpcf7-email wpcf7-validates-as-required wpcf7-text wpcf7-validates-as-email input_formulario\" aria-required=\"true\" aria-invalid=\"false\" placeholder=\"Email*\" value=\"\" type=\"email\" name=\"tu-email\" \/><\/span><br \/>\n<span class=\"wpcf7-form-control-wrap\" data-name=\"tu-telefono\"><input size=\"40\" maxlength=\"400\" class=\"wpcf7-form-control wpcf7-text input_formulario\" aria-invalid=\"false\" placeholder=\"Phone\" value=\"\" type=\"text\" name=\"tu-telefono\" \/><\/span><br \/>\n<span class=\"wpcf7-form-control-wrap\" data-name=\"tu-empresa\"><input size=\"40\" maxlength=\"400\" class=\"wpcf7-form-control wpcf7-text input_formulario\" aria-invalid=\"false\" placeholder=\"Company\" value=\"\" type=\"text\" name=\"tu-empresa\" \/><\/span><br \/>\n<span class=\"wpcf7-form-control-wrap\" data-name=\"your-message\"><textarea cols=\"40\" rows=\"10\" maxlength=\"2000\" class=\"wpcf7-form-control wpcf7-textarea input_formulario_area\" aria-invalid=\"false\" placeholder=\"Message\" name=\"your-message\"><\/textarea><\/span>\n<\/p>\n<table style=\"font-size:0.9em!important; margin:0 auto;\">\n\t<tr>\n\t\t<td valign=\"top\" style=\"padding-right:30px;\">\n\t\t\t<p>El responsable del tratamiento de los datos personales facilitados en el formulario de contacto es ADORAS ARQUITECTURA S.L.P. (ADORAS), quien tiene un inter\u00e9s leg\u00edtimo en tratarlos con la finalidad de atender las consultas que nos plantee a trav\u00e9s del mismo. Podr\u00e1n acceder a sus datos personales los prestadores de servicios de ADORAS. Tiene derecho a acceder, rectificar y suprimir sus datos, as\u00ed como otros derechos, como se explica en la <a href=\"http:\/\/adoras.es\/dev\/aviso-legal\/\/\"><u>informaci\u00f3n adicional sobre privacidad<\/u><\/a>.<br \/>\n\u00a0<br \/>\n<span class=\"wpcf7-form-control-wrap\" data-name=\"acceptance-324\"><span class=\"wpcf7-form-control wpcf7-acceptance\"><span class=\"wpcf7-list-item\"><input type=\"checkbox\" name=\"acceptance-324\" value=\"1\" aria-invalid=\"false\" \/><\/span><\/span><\/span>Check the box and press the \"Send\" button to declare that you know and understand the privacy policy of ADORAS atelier architecture.\n\t\t\t<\/p>\n\t\t<\/td>\n\t<\/tr>\n<\/table>\n<p><input class=\"wpcf7-form-control wpcf7-submit has-spinner boton_enviar\" type=\"submit\" value=\"SEND\" \/>\n<\/p><input type='hidden' class='wpcf7-pum' value='{\"closepopup\":false,\"closedelay\":0,\"openpopup\":false,\"openpopup_id\":0}' \/><div class=\"wpcf7-response-output\" aria-hidden=\"true\"><\/div>\n<\/form>\n<\/div>\n<\/div>        <\/div>\n    <\/div>\n<\/section>","protected":false},"excerpt":{"rendered":"CONTACT AN ATELIER WHERE EMOTION, MIXTICITY AND THE FUTURE EMERGE ALICANTE ADORAS atelier architecture Calle Periodista P. Arderius, 4 Alicante, 03001 Espa\u00f1a &nbsp; 965 14 53 10 &#x6d;&#x61;&#105;l&#x40;&#x61;&#100;or&#x61;&#x73;&#46;e&#x73; MADRID ADORAS atelier architecture Calle O\u2019Donnell, 3 Madrid, 28009 Espa\u00f1a 916 67 81 03 m&#97;&#x69;&#x6c;&#x40;a&#100;&#x6f;&#x72;&#x61;s&#46;&#x65;&#x73; JOIN THE TEAM At ADORAS Atelier Arquitectura we are always on the","protected":false},"author":1,"featured_media":0,"parent":0,"menu_order":0,"comment_status":"closed","ping_status":"closed","template":"","meta":{"footnotes":""},"class_list":["post-3834","page","type-page","status-publish","hentry"],"yoast_head":"<!-- This site is optimized with the Yoast SEO plugin v23.2 - https:\/\/yoast.com\/wordpress\/plugins\/seo\/ -->\n<title>Contact - ADORAS atelier arquitectura<\/title>\n<meta name=\"robots\" content=\"noindex, nofollow\" \/>\n<meta property=\"og:locale\" content=\"en_US\" \/>\n<meta property=\"og:type\" content=\"article\" \/>\n<meta property=\"og:title\" content=\"Contact - ADORAS atelier arquitectura\" \/>\n<meta property=\"og:url\" content=\"https:\/\/adoras.es\/en\/contacto\/\" \/>\n<meta property=\"og:site_name\" content=\"ADORAS atelier arquitectura\" \/>\n<meta property=\"article:modified_time\" content=\"2024-08-09T08:20:51+00:00\" \/>\n<meta name=\"twitter:card\" content=\"summary_large_image\" \/>\n<meta name=\"twitter:label1\" content=\"Est. reading time\" \/>\n\t<meta name=\"twitter:data1\" content=\"1 minute\" \/>\n<script type=\"application\/ld+json\" class=\"yoast-schema-graph\">{\"@context\":\"https:\/\/schema.org\",\"@graph\":[{\"@type\":\"WebPage\",\"@id\":\"https:\/\/adoras.es\/en\/contacto\/\",\"url\":\"https:\/\/adoras.es\/en\/contacto\/\",\"name\":\"Contact - ADORAS atelier arquitectura\",\"isPartOf\":{\"@id\":\"https:\/\/adoras.es\/en\/#website\"},\"datePublished\":\"2017-06-07T16:04:09+00:00\",\"dateModified\":\"2024-08-09T08:20:51+00:00\",\"breadcrumb\":{\"@id\":\"https:\/\/adoras.es\/en\/contacto\/#breadcrumb\"},\"inLanguage\":\"en-US\",\"potentialAction\":[{\"@type\":\"ReadAction\",\"target\":[\"https:\/\/adoras.es\/en\/contacto\/\"]}]},{\"@type\":\"BreadcrumbList\",\"@id\":\"https:\/\/adoras.es\/en\/contacto\/#breadcrumb\",\"itemListElement\":[{\"@type\":\"ListItem\",\"position\":1,\"name\":\"Portada\",\"item\":\"https:\/\/adoras.es\/en\/\"},{\"@type\":\"ListItem\",\"position\":2,\"name\":\"Contact\"}]},{\"@type\":\"WebSite\",\"@id\":\"https:\/\/adoras.es\/en\/#website\",\"url\":\"https:\/\/adoras.es\/en\/\",\"name\":\"ADORAS atelier arquitectura\",\"description\":\"EMOCI\u00d3N, MIXTICIDAD, FUTURO\",\"potentialAction\":[{\"@type\":\"SearchAction\",\"target\":{\"@type\":\"EntryPoint\",\"urlTemplate\":\"https:\/\/adoras.es\/en\/?s={search_term_string}\"},\"query-input\":\"required name=search_term_string\"}],\"inLanguage\":\"en-US\"}]}<\/script>\n<!-- \/ Yoast SEO plugin. -->","yoast_head_json":{"title":"Contact - ADORAS atelier arquitectura","robots":{"index":"noindex","follow":"nofollow"},"og_locale":"en_US","og_type":"article","og_title":"Contact - ADORAS atelier arquitectura","og_url":"https:\/\/adoras.es\/en\/contacto\/","og_site_name":"ADORAS atelier arquitectura","article_modified_time":"2024-08-09T08:20:51+00:00","twitter_card":"summary_large_image","twitter_misc":{"Est. reading time":"1 minute"},"schema":{"@context":"https:\/\/schema.org","@graph":[{"@type":"WebPage","@id":"https:\/\/adoras.es\/en\/contacto\/","url":"https:\/\/adoras.es\/en\/contacto\/","name":"Contact - ADORAS atelier arquitectura","isPartOf":{"@id":"https:\/\/adoras.es\/en\/#website"},"datePublished":"2017-06-07T16:04:09+00:00","dateModified":"2024-08-09T08:20:51+00:00","breadcrumb":{"@id":"https:\/\/adoras.es\/en\/contacto\/#breadcrumb"},"inLanguage":"en-US","potentialAction":[{"@type":"ReadAction","target":["https:\/\/adoras.es\/en\/contacto\/"]}]},{"@type":"BreadcrumbList","@id":"https:\/\/adoras.es\/en\/contacto\/#breadcrumb","itemListElement":[{"@type":"ListItem","position":1,"name":"Portada","item":"https:\/\/adoras.es\/en\/"},{"@type":"ListItem","position":2,"name":"Contact"}]},{"@type":"WebSite","@id":"https:\/\/adoras.es\/en\/#website","url":"https:\/\/adoras.es\/en\/","name":"ADORAS atelier arquitectura","description":"EMOCI\u00d3N, MIXTICIDAD, FUTURO","potentialAction":[{"@type":"SearchAction","target":{"@type":"EntryPoint","urlTemplate":"https:\/\/adoras.es\/en\/?s={search_term_string}"},"query-input":"required name=search_term_string"}],"inLanguage":"en-US"}]}},"_links":{"self":[{"href":"https:\/\/adoras.es\/en\/wp-json\/wp\/v2\/pages\/3834"}],"collection":[{"href":"https:\/\/adoras.es\/en\/wp-json\/wp\/v2\/pages"}],"about":[{"href":"https:\/\/adoras.es\/en\/wp-json\/wp\/v2\/types\/page"}],"author":[{"embeddable":true,"href":"https:\/\/adoras.es\/en\/wp-json\/wp\/v2\/users\/1"}],"replies":[{"embeddable":true,"href":"https:\/\/adoras.es\/en\/wp-json\/wp\/v2\/comments?post=3834"}],"version-history":[{"count":9,"href":"https:\/\/adoras.es\/en\/wp-json\/wp\/v2\/pages\/3834\/revisions"}],"predecessor-version":[{"id":6005,"href":"https:\/\/adoras.es\/en\/wp-json\/wp\/v2\/pages\/3834\/revisions\/6005"}],"wp:attachment":[{"href":"https:\/\/adoras.es\/en\/wp-json\/wp\/v2\/media?parent=3834"}],"curies":[{"name":"wp","href":"https:\/\/api.w.org\/{rel}","templated":true}]}}